{"id":106,"date":"2021-08-05T15:08:49","date_gmt":"2021-08-05T13:08:49","guid":{"rendered":"https:\/\/www.techsup.de\/?page_id=106"},"modified":"2024-11-27T17:42:06","modified_gmt":"2024-11-27T16:42:06","slug":"titel-gesucht","status":"publish","type":"page","link":"https:\/\/www.techsup.de\/","title":{"rendered":"Technical Support"},"content":{"rendered":"\n<div class=\"wp-block-group\"><div class=\"wp-block-group__inner-container is-layout-flow wp-block-group-is-layout-flow\">\n<div class=\"wp-block-columns is-layout-flex wp-container-core-columns-is-layout-9d6595d7 wp-block-columns-is-layout-flex\">\n<div class=\"wp-block-column is-layout-flow wp-block-column-is-layout-flow\" style=\"flex-basis:100%\">\n<p class=\"has-drop-cap\" style=\"font-style:normal;font-weight:400\">Mit unserem \u201eSystemh\u00e4usle\u201c sorgen wir seit \u00fcber 25 Jahren in Stuttgart und der Region zuverl\u00e4ssig f\u00fcr die perfekte Verbindung zu deinem Team und deinen Kunden.&nbsp;Meist bekommst du davon gar nicht viel mit. Gut so! Denn dann haben wir unsere Arbeit gut gemacht. Gute IT und Telekommunikation funktioniert reibungslos im&nbsp;Hintergrund, damit du dir Gedanken \u00fcber die eigentlichen Aufgaben deines Betriebs machen kannst. <\/p>\n\n\n\n<p style=\"font-style:normal;font-weight:400\">Erfahrung ist aber nicht alles. Selbstverst\u00e4ndlich bleiben wir stets am Ball und k\u00f6nnen dich \u00fcber aktuelle Entwicklungen und die neusten Produkte informieren. Home-Office, Server und Clouds\u2026 es gibt eine kaum \u00fcberschaubare Menge an Produkten sowohl bei der Hardware als auch bei der Software. Wir lassen dich mit fachchinesisch in Ruhe, dolmetschen gerne und sorgen mit unserem Know-how daf\u00fcr, dass alles zusammenpasst und st\u00f6rungsfrei l\u00e4uft und l\u00e4uft und l\u00e4uft. <\/p>\n\n\n\n<p style=\"font-style:normal;font-weight:400\">Mit einem modernen Netzwerk arbeitest du mit deinem Team gut zusammen. Reibungslose Kommunikation verk\u00fcrzt Arbeitsabl\u00e4ufe und spart unterm Strich eine Menge Zeit, Nerven und Geld. Entspanntes Arbeiten ist pl\u00f6tzlich Realit\u00e4t und nicht mehr nur ein Schlagwort.<\/p>\n<\/div>\n<\/div>\n\n\n\n<div class=\"wp-block-columns is-layout-flex wp-container-core-columns-is-layout-9d6595d7 wp-block-columns-is-layout-flex\">\n<div class=\"wp-block-column is-layout-flow wp-block-column-is-layout-flow\">\n<p class=\"has-drop-cap\">Du willst alles von Grund auf \u00e4ndern oder startest ein neues Business? Wir bringen System in deine Arbeit.<\/p>\n\n\n\n<p>Du willst einzelne Komponenten gegen aktuelle tauschen? Wir wissen, was zu deinem Datennetz passt. <\/p>\n\n\n\n<p>Du willst erg\u00e4nzende Ger\u00e4te in Deine Infrastruktur einf\u00fcgen? Wir sagen dir, was sich wirklich lohnt.<\/p>\n<\/div>\n\n\n\n<div class=\"wp-block-column is-layout-flow wp-block-column-is-layout-flow\">\n<p class=\"has-drop-cap\">Troubleshooting? Wir schie\u00dfen nicht mit Kanonen auf Spatzen. Wir analysieren mit modernen Tools, woran es liegt und tauschen nur das N\u00f6tigste aus, damit deine gewohnten Abl\u00e4ufe schnell weitergehen k\u00f6nnen. War da was?<\/p>\n\n\n\n<p>Mach gleich <\/p>\n\n\n\n<div class=\"wp-block-button is-style-outline is-style-outline--1\"><a class=\"wp-block-button__link wp-element-button\" href=\"https:\/\/www.techsup.de\/index.php\/kontakt\/\">&#8230;KLICK&#8230;<\/a><\/div>\n\n\n\n<p>einen Termin zu einem ersten Gespr\u00e4ch mit uns aus. Wir k\u00fcmmern uns und bringen Deine Kommunikation und IT gerne auf den neusten Stand.<\/p>\n<\/div>\n<\/div>\n\n\n\n<p><\/p>\n<\/div><\/div>\n","protected":false},"excerpt":{"rendered":"<p>Mit unserem \u201eSystemh\u00e4usle\u201c sorgen wir seit \u00fcber 25 Jahren in Stuttgart und der Region zuverl\u00e4ssig f\u00fcr die perfekte Verbindung zu deinem Team und deinen Kunden.&nbsp;Meist bekommst du davon gar nicht viel mit. Gut so! Denn dann haben wir unsere Arbeit gut gemacht. Gute IT und Telekommunikation funktioniert reibungslos im&nbsp;Hintergrund, damit du dir Gedanken \u00fcber die [&hellip;]<\/p>\n","protected":false},"author":1,"featured_media":184,"parent":0,"menu_order":0,"comment_status":"closed","ping_status":"closed","template":"templates\/template-full-width.php","meta":{"footnotes":""},"class_list":["post-106","page","type-page","status-publish","has-post-thumbnail","hentry"],"_links":{"self":[{"href":"https:\/\/www.techsup.de\/index.php\/wp-json\/wp\/v2\/pages\/106","targetHints":{"allow":["GET"]}}],"collection":[{"href":"https:\/\/www.techsup.de\/index.php\/wp-json\/wp\/v2\/pages"}],"about":[{"href":"https:\/\/www.techsup.de\/index.php\/wp-json\/wp\/v2\/types\/page"}],"author":[{"embeddable":true,"href":"https:\/\/www.techsup.de\/index.php\/wp-json\/wp\/v2\/users\/1"}],"replies":[{"embeddable":true,"href":"https:\/\/www.techsup.de\/index.php\/wp-json\/wp\/v2\/comments?post=106"}],"version-history":[{"count":36,"href":"https:\/\/www.techsup.de\/index.php\/wp-json\/wp\/v2\/pages\/106\/revisions"}],"predecessor-version":[{"id":385,"href":"https:\/\/www.techsup.de\/index.php\/wp-json\/wp\/v2\/pages\/106\/revisions\/385"}],"wp:featuredmedia":[{"embeddable":true,"href":"https:\/\/www.techsup.de\/index.php\/wp-json\/wp\/v2\/media\/184"}],"wp:attachment":[{"href":"https:\/\/www.techsup.de\/index.php\/wp-json\/wp\/v2\/media?parent=106"}],"curies":[{"name":"wp","href":"https:\/\/api.w.org\/{rel}","templated":true}]}}