{"id":139,"date":"2021-08-05T20:02:23","date_gmt":"2021-08-05T18:02:23","guid":{"rendered":"https:\/\/www.techsup.de\/?page_id=139"},"modified":"2024-11-27T17:42:54","modified_gmt":"2024-11-27T16:42:54","slug":"telekommunikation","status":"publish","type":"page","link":"https:\/\/www.techsup.de\/index.php\/telekommunikation\/","title":{"rendered":"Telekommunikation"},"content":{"rendered":"\n<p class=\"has-drop-cap\">War das fr\u00fcher einfach, man bekam von der Post einen Apparat, der hatte einen H\u00f6rer und eine W\u00e4hlscheibe und\u2026<\/p>\n\n\n\n<p>Tja, war auch sch\u00f6n, aber seither hat sich viel getan und Kommunikation ist heute so viel mehr als \u201enur\u201c telefonieren. Miteinander sprechen, chatten, mailen, Dateien austauschen, virtuelle Konferenzen abhalten, Messen und Schulungen online \u2013 all das ist pl\u00f6tzlich da und eine neue Realit\u00e4t. Wer wei\u00df was morgen noch dazu kommt? Es geht alles so schnell und ist so aufregend, dieser Umbruch bringt viele neue M\u00f6glichkeiten mit sich.<\/p>\n\n\n\n<p>Wir bringen dich und dein Team in diese neue Zeit und machen euch technisch fit.<\/p>\n\n\n\n<p>Die klassische Telefonanlage h\u00e4ngt noch an der Wand? Wenn die kleine Wehwehchen hat, haben wir Pflaster daf\u00fcr. <\/p>\n\n\n\n<p class=\"has-drop-cap\">Du brauchst eine neue Anlage? Wir finden zusammen die richtige. Klassisch oder in der Cloud. Mit gro\u00dfen oder kleinen Apparaten, mit Softphones oder \u00fcber dein Mobiltelefon. Es kommen st\u00e4ndig neue Angebote auf den Markt, wir finden mit dir zusammen die richtige, flexible L\u00f6sung.<\/p>\n","protected":false},"excerpt":{"rendered":"<p>War das fr\u00fcher einfach, man bekam von der Post einen Apparat, der hatte einen H\u00f6rer und eine W\u00e4hlscheibe und\u2026 Tja, war auch sch\u00f6n, aber seither hat sich viel getan und Kommunikation ist heute so viel mehr als \u201enur\u201c telefonieren. Miteinander sprechen, chatten, mailen, Dateien austauschen, virtuelle Konferenzen abhalten, Messen und Schulungen online \u2013 all das [&hellip;]<\/p>\n","protected":false},"author":1,"featured_media":187,"parent":0,"menu_order":0,"comment_status":"closed","ping_status":"closed","template":"","meta":{"footnotes":""},"class_list":["post-139","page","type-page","status-publish","has-post-thumbnail","hentry"],"_links":{"self":[{"href":"https:\/\/www.techsup.de\/index.php\/wp-json\/wp\/v2\/pages\/139","targetHints":{"allow":["GET"]}}],"collection":[{"href":"https:\/\/www.techsup.de\/index.php\/wp-json\/wp\/v2\/pages"}],"about":[{"href":"https:\/\/www.techsup.de\/index.php\/wp-json\/wp\/v2\/types\/page"}],"author":[{"embeddable":true,"href":"https:\/\/www.techsup.de\/index.php\/wp-json\/wp\/v2\/users\/1"}],"replies":[{"embeddable":true,"href":"https:\/\/www.techsup.de\/index.php\/wp-json\/wp\/v2\/comments?post=139"}],"version-history":[{"count":3,"href":"https:\/\/www.techsup.de\/index.php\/wp-json\/wp\/v2\/pages\/139\/revisions"}],"predecessor-version":[{"id":386,"href":"https:\/\/www.techsup.de\/index.php\/wp-json\/wp\/v2\/pages\/139\/revisions\/386"}],"wp:featuredmedia":[{"embeddable":true,"href":"https:\/\/www.techsup.de\/index.php\/wp-json\/wp\/v2\/media\/187"}],"wp:attachment":[{"href":"https:\/\/www.techsup.de\/index.php\/wp-json\/wp\/v2\/media?parent=139"}],"curies":[{"name":"wp","href":"https:\/\/api.w.org\/{rel}","templated":true}]}}