{"id":143,"date":"2021-08-05T20:13:22","date_gmt":"2021-08-05T18:13:22","guid":{"rendered":"https:\/\/www.techsup.de\/?page_id=143"},"modified":"2026-03-19T09:15:49","modified_gmt":"2026-03-19T08:15:49","slug":"nachhaltigkeit","status":"publish","type":"page","link":"https:\/\/www.techsup.de\/index.php\/nachhaltigkeit\/","title":{"rendered":"Nachhaltigkeit"},"content":{"rendered":"\n<p class=\"has-drop-cap\">Resourcen schonen ist in aller Munde. Dein alter PC mag nun wirklich nicht mehr und auch die Gro\u00dftante hat l\u00e4ngst einen moderneren Drucker? Mit einem Klo\u00df im Hals bringst du ihn zum Elektroschrott?<\/p>\n\n\n\n<p>Geht anders. Wir pr\u00fcfen alte Ger\u00e4te auf ihre Funktionst\u00fcchtigkeit und l\u00f6schen alle Daten. Vor allem Festplatten l\u00f6schen wir mit Spezialsoftware und im Zweifel sogar mechanisch. W\u00e4re ja auch zu bl\u00f6d, wenn Steuererkl\u00e4rung und Bankdaten pl\u00f6tzlich an einer ganz falschen Stelle auftauchen. Die DSGVO mag das gar nicht.<\/p>\n\n\n\n<p>Gute Ger\u00e4te landen bei uns im Fundus, k\u00f6nnen weiterverkauft werden oder werden gespendet. Ersatzteile haben schon so manchen verzweifelten Notfall ein gl\u00fcckliches Ende nehmen lassen. Und was gar nicht mehr verwendbar ist, bringen wir zum Elektroschrottverwerter, der daf\u00fcr Sorge tr\u00e4gt, dass die enthaltenen Rohstoffe getrennt und in den Wertstoffkreislauf zur\u00fcckgef\u00fchrt werden.<\/p>\n\n\n\n<p class=\"has-drop-cap\">Bei neuen Ger\u00e4ten hilft uns der Gesetzgeber mit der Nachvollziehbarkeit der Herkunft. Faire Arbeitsbedingungen und L\u00f6hne und nat\u00fcrlich keine Kinderarbeit m\u00fcssen selbstverst\u00e4ndlich sein. <\/p>\n\n\n\n<p>Die Entwicklung unterst\u00fctzt uns stetig &#8211; PCs sind inzwischen so klein wie eine Packung Mehl. Sie brauchen dadurch logischerweise weniger Material. Und mit weniger Strom kommen sie auch klar. Selbst das Verpackungsmaterial, das zeitweise unglaubliche Dimensionen angenommen hatte, wird weniger. Server, Drucker und Monitore sind keine Energiemonster mehr. Das schont euren Geldbeutel und unseren Planeten.<\/p>\n\n\n\n<p>Zu guter Letzt unterst\u00fctzen wir Arbeitspl\u00e4tze im L\u00e4ndle und kurze Transportwege, denn unser Lieblings-Hardware-Lieferant <a rel=\"noreferrer noopener\" href=\"https:\/\/www.exone.de\/\" data-type=\"URL\" data-id=\"https:\/\/www.exone.de\/\" target=\"_blank\">EXTRA Computer GmbH<\/a> sitzt in Giengen an der Brenz und produziert auch da. Ganz sch\u00f6n regional.<\/p>\n\n\n\n<p>Wir k\u00f6nnen bestimmt noch nachhaltiger werden, das ist unser gro\u00dfes Ziel und in einer Branche, die bei Stromausfall (ohne Hilfsmittel) tot ist, sicher nicht einfach. Ein Anfang zu Green IT ist gemacht!<\/p>\n","protected":false},"excerpt":{"rendered":"<p>Resourcen schonen ist in aller Munde. Dein alter PC mag nun wirklich nicht mehr und auch die Gro\u00dftante hat l\u00e4ngst einen moderneren Drucker? Mit einem Klo\u00df im Hals bringst du ihn zum Elektroschrott? Geht anders. Wir pr\u00fcfen alte Ger\u00e4te auf ihre Funktionst\u00fcchtigkeit und l\u00f6schen alle Daten. Vor allem Festplatten l\u00f6schen wir mit Spezialsoftware und im [&hellip;]<\/p>\n","protected":false},"author":1,"featured_media":186,"parent":0,"menu_order":0,"comment_status":"closed","ping_status":"closed","template":"","meta":{"footnotes":""},"class_list":["post-143","page","type-page","status-publish","has-post-thumbnail","hentry"],"_links":{"self":[{"href":"https:\/\/www.techsup.de\/index.php\/wp-json\/wp\/v2\/pages\/143","targetHints":{"allow":["GET"]}}],"collection":[{"href":"https:\/\/www.techsup.de\/index.php\/wp-json\/wp\/v2\/pages"}],"about":[{"href":"https:\/\/www.techsup.de\/index.php\/wp-json\/wp\/v2\/types\/page"}],"author":[{"embeddable":true,"href":"https:\/\/www.techsup.de\/index.php\/wp-json\/wp\/v2\/users\/1"}],"replies":[{"embeddable":true,"href":"https:\/\/www.techsup.de\/index.php\/wp-json\/wp\/v2\/comments?post=143"}],"version-history":[{"count":6,"href":"https:\/\/www.techsup.de\/index.php\/wp-json\/wp\/v2\/pages\/143\/revisions"}],"predecessor-version":[{"id":402,"href":"https:\/\/www.techsup.de\/index.php\/wp-json\/wp\/v2\/pages\/143\/revisions\/402"}],"wp:featuredmedia":[{"embeddable":true,"href":"https:\/\/www.techsup.de\/index.php\/wp-json\/wp\/v2\/media\/186"}],"wp:attachment":[{"href":"https:\/\/www.techsup.de\/index.php\/wp-json\/wp\/v2\/media?parent=143"}],"curies":[{"name":"wp","href":"https:\/\/api.w.org\/{rel}","templated":true}]}}