{"id":367,"date":"2024-11-27T17:38:02","date_gmt":"2024-11-27T16:38:02","guid":{"rendered":"https:\/\/www.techsup.de\/?page_id=367"},"modified":"2024-11-27T17:38:03","modified_gmt":"2024-11-27T16:38:03","slug":"kleingeraetepruefung","status":"publish","type":"page","link":"https:\/\/www.techsup.de\/index.php\/kleingeraetepruefung\/","title":{"rendered":"Kleinger\u00e4tepr\u00fcfung"},"content":{"rendered":"\n<p class=\"has-drop-cap\"><strong>Kleinger\u00e4tepr\u00fcfung <\/strong>nach DGUV Vorschrift 3 (vormals BGV A3) <br>\u2013 f\u00fcr Deine Sicherheit<\/p>\n\n\n\n<p>Wir \u00fcbernehmen die vorgeschriebene DGUV V3 Pr\u00fcfung Deiner elektrischen Kleinger\u00e4te \u2013 unkompliziert, zuverl\u00e4ssig und professionell.<\/p>\n\n\n\n<p><strong>Warum DGUV Vorschrift 3?<\/strong><br>Die DGUV V 3 schreibt regelm\u00e4\u00dfige Pr\u00fcfungen aller elektrischen Ger\u00e4te und Anlagen vor, um sicherzustellen, dass alles einwandfrei funktioniert. Ohne diese Pr\u00fcfung riskierst Du Deinen Versicherungsschutz!<\/p>\n\n\n\n<p><strong>Was wird gepr\u00fcft?<\/strong><br>Alle ortsver\u00e4nderlichen Ger\u00e4te mit 230V\/400V \u2013 kurz gesagt: alles, was einen Stecker hat. Dazu geh\u00f6ren zum Beispiel Computer, K\u00fcchenger\u00e4te, Werkzeuge, Ladekabel, Peripherieger\u00e4te, Mehrfachsteckdosen und Verl\u00e4ngerungskabel. Die Pr\u00fcfung erfolgt nat\u00fcrlich nach den aktuellen VDE-Bestimmungen.<\/p>\n\n\n\n<p class=\"has-drop-cap\"><strong>Deine Vorteile:<\/strong><\/p>\n\n\n\n<p><br><strong>Sicherheit:<\/strong> Wir sorgen daf\u00fcr, dass Deine Ger\u00e4te in einwandfreiem Zustand sind.<\/p>\n\n\n\n<p><strong>Dokumentation:<\/strong> Du bekommst ein Pr\u00fcfprotokoll und ein DGUV V3 Pr\u00fcfsiegel.<\/p>\n\n\n\n<p><strong>Pflicht erf\u00fcllt:<\/strong> Du bist gesetzlich auf der sicheren Seite.<\/p>\n\n\n\n<p class=\"has-drop-cap\"><strong>Melde Dich bei uns!<\/strong><br>Schreib uns oder ruf an \u2013 wir k\u00fcmmern uns darum, dass Deine Ger\u00e4te sicher und einsatzbereit bleiben!<\/p>\n","protected":false},"excerpt":{"rendered":"<p>Kleinger\u00e4tepr\u00fcfung nach DGUV Vorschrift 3 (vormals BGV A3) \u2013 f\u00fcr Deine Sicherheit Wir \u00fcbernehmen die vorgeschriebene DGUV V3 Pr\u00fcfung Deiner elektrischen Kleinger\u00e4te \u2013 unkompliziert, zuverl\u00e4ssig und professionell. Warum DGUV Vorschrift 3?Die DGUV V 3 schreibt regelm\u00e4\u00dfige Pr\u00fcfungen aller elektrischen Ger\u00e4te und Anlagen vor, um sicherzustellen, dass alles einwandfrei funktioniert. Ohne diese Pr\u00fcfung riskierst Du Deinen [&hellip;]<\/p>\n","protected":false},"author":1,"featured_media":0,"parent":0,"menu_order":0,"comment_status":"closed","ping_status":"closed","template":"","meta":{"footnotes":""},"class_list":["post-367","page","type-page","status-publish","hentry"],"_links":{"self":[{"href":"https:\/\/www.techsup.de\/index.php\/wp-json\/wp\/v2\/pages\/367","targetHints":{"allow":["GET"]}}],"collection":[{"href":"https:\/\/www.techsup.de\/index.php\/wp-json\/wp\/v2\/pages"}],"about":[{"href":"https:\/\/www.techsup.de\/index.php\/wp-json\/wp\/v2\/types\/page"}],"author":[{"embeddable":true,"href":"https:\/\/www.techsup.de\/index.php\/wp-json\/wp\/v2\/users\/1"}],"replies":[{"embeddable":true,"href":"https:\/\/www.techsup.de\/index.php\/wp-json\/wp\/v2\/comments?post=367"}],"version-history":[{"count":13,"href":"https:\/\/www.techsup.de\/index.php\/wp-json\/wp\/v2\/pages\/367\/revisions"}],"predecessor-version":[{"id":380,"href":"https:\/\/www.techsup.de\/index.php\/wp-json\/wp\/v2\/pages\/367\/revisions\/380"}],"wp:attachment":[{"href":"https:\/\/www.techsup.de\/index.php\/wp-json\/wp\/v2\/media?parent=367"}],"curies":[{"name":"wp","href":"https:\/\/api.w.org\/{rel}","templated":true}]}}